{"id":610,"date":"2020-07-09T09:37:35","date_gmt":"2020-07-09T07:37:35","guid":{"rendered":"https:\/\/www.schnatterloch-miltenberg.de\/?page_id=610"},"modified":"2020-08-07T14:53:27","modified_gmt":"2020-08-07T12:53:27","slug":"lage","status":"publish","type":"page","link":"https:\/\/www.schnatterloch-miltenberg.de\/index.php\/lage\/","title":{"rendered":"Lage"},"content":{"rendered":"\n<figure class=\"wp-block-image size-large\"><img loading=\"lazy\" width=\"1024\" height=\"512\" src=\"https:\/\/www.schnatterloch-miltenberg.de\/wp-content\/uploads\/2020\/07\/Marktplatz-1024x512.jpg\" alt=\"\" class=\"wp-image-678\"\/><\/figure>\n\n\n\n<p>Vom historischen Marktbrunnen blickt man entlang der Klinge ins sogenannte &#8222;Schnatterloch&#8220; und hat linker Hand das Haus Miltenberg, in dem sich heute das <a href=\"https:\/\/www.museum-miltenberg.de\"><span class=\"has-inline-color has-vivid-cyan-blue-color\">Museum der Stadt Miltenberg<\/span><\/a> befindet. Auf der rechten Seite gegen\u00fcber dem Museum steht <a href=\"https:\/\/www.schnatterloch-miltenberg.de\"><span class=\"has-inline-color has-vivid-cyan-blue-color\">eines der \u00e4ltesten Wohnh\u00e4user Miltenbergs<\/span><\/a>, das vor Kurzem grundlegend saniert und renoviert wurde. Dieses Haus bildet, am h\u00f6chsten Punkt eines Ensembles aus f\u00fcnf Fachwerkh\u00e4usern, die eine Seite des alten Marktplatzes bestimmen, den Abschluss zum Schnatterloch hin. Unterhalb gelangt man auf der Hauptstra\u00dfe ins Schwarzviertel, zwischen Torw\u00e4chterhaus und dem Hotel Schmuckk\u00e4stchen f\u00fchrt die steile Schlo\u00dfgasse mit vielen Stufen hinauf zur Burg und durch den Schnatterlochturm gelangt man direkt in den Wald oberhalb von Miltenberg. <\/p>\n\n\n\n<figure class=\"wp-block-image size-large\"><img loading=\"lazy\" width=\"510\" height=\"661\" src=\"https:\/\/www.schnatterloch-miltenberg.de\/wp-content\/uploads\/2020\/07\/Lageplan-e1594307258114.jpg\" alt=\"\" class=\"wp-image-673\" srcset=\"https:\/\/www.schnatterloch-miltenberg.de\/wp-content\/uploads\/2020\/07\/Lageplan-e1594307258114.jpg 510w, https:\/\/www.schnatterloch-miltenberg.de\/wp-content\/uploads\/2020\/07\/Lageplan-e1594307258114-231x300.jpg 231w\" sizes=\"(max-width: 510px) 100vw, 510px\" \/><figcaption>Das Anwesen Hauptstr. 183 befindet sich am s\u00fcdlichen Ende des alten Marktplatzes<\/figcaption><\/figure>\n\n\n\n<div class='printomatic pom-small ' id='id825'  data-print_target='%prev%'><\/div>\n","protected":false},"excerpt":{"rendered":"<p>Vom historischen Marktbrunnen blickt man entlang der Klinge ins sogenannte &#8222;Schnatterloch&#8220; und hat linker Hand das Haus Miltenberg, in dem sich heute das Museum der Stadt Miltenberg befindet. Auf der rechten Seite gegen\u00fcber dem Museum steht eines der \u00e4ltesten Wohnh\u00e4user Miltenbergs, das vor Kurzem grundlegend saniert und renoviert wurde. Dieses Haus bildet, am h\u00f6chsten Punkt &hellip; <\/p>\n<p class=\"link-more\"><a href=\"https:\/\/www.schnatterloch-miltenberg.de\/index.php\/lage\/\" class=\"more-link\"><span class=\"screen-reader-text\">\u201eLage\u201c<\/span> weiterlesen<\/a><\/p>\n","protected":false},"author":1,"featured_media":0,"parent":0,"menu_order":0,"comment_status":"closed","ping_status":"closed","template":"","meta":[],"_links":{"self":[{"href":"https:\/\/www.schnatterloch-miltenberg.de\/index.php\/wp-json\/wp\/v2\/pages\/610"}],"collection":[{"href":"https:\/\/www.schnatterloch-miltenberg.de\/index.php\/wp-json\/wp\/v2\/pages"}],"about":[{"href":"https:\/\/www.schnatterloch-miltenberg.de\/index.php\/wp-json\/wp\/v2\/types\/page"}],"author":[{"embeddable":true,"href":"https:\/\/www.schnatterloch-miltenberg.de\/index.php\/wp-json\/wp\/v2\/users\/1"}],"replies":[{"embeddable":true,"href":"https:\/\/www.schnatterloch-miltenberg.de\/index.php\/wp-json\/wp\/v2\/comments?post=610"}],"version-history":[{"count":37,"href":"https:\/\/www.schnatterloch-miltenberg.de\/index.php\/wp-json\/wp\/v2\/pages\/610\/revisions"}],"predecessor-version":[{"id":842,"href":"https:\/\/www.schnatterloch-miltenberg.de\/index.php\/wp-json\/wp\/v2\/pages\/610\/revisions\/842"}],"wp:attachment":[{"href":"https:\/\/www.schnatterloch-miltenberg.de\/index.php\/wp-json\/wp\/v2\/media?parent=610"}],"curies":[{"name":"wp","href":"https:\/\/api.w.org\/{rel}","templated":true}]}}