{"id":361,"date":"2020-06-26T09:21:57","date_gmt":"2020-06-26T07:21:57","guid":{"rendered":"https:\/\/www.schnatterloch-miltenberg.de\/?page_id=361"},"modified":"2020-12-09T11:31:54","modified_gmt":"2020-12-09T10:31:54","slug":"rundgang","status":"publish","type":"page","link":"https:\/\/www.schnatterloch-miltenberg.de\/index.php\/rundgang\/","title":{"rendered":"Rundgang durch das Haus"},"content":{"rendered":"\n<p>Ein virtueller Rundgang durch das Geb\u00e4ude mit Stand November\/Dezember 2020. Bis auf das Erdgescho\u00df ist der Innenausbau Ende November weitgehend abgeschlossen. Im Erdgescho\u00df wurde Anfang Dezember mit der Verlegung des Sandstein-Bodes im Rosenspitz-Muster begonnen. Die neue Holztreppe ist auch schon eingebaut. In der K\u00fcche und den B\u00e4dern wurden bereits Einbaum\u00f6bel durch unsere K\u00fcchen Firma installiert, soda\u00df wir nach Aufnahme dieser Bilder in die oberen 3 Stockwerke einziehen konnten. Wir starten den Rundgang in der Eingangshalle und steigen \u00fcber 1.und 2. OG bis ins Dachgescho\u00df:<\/p>\n\n\n\n<div class=\"alignnormal\"><div id=\"metaslider-id-246\" style=\"width: 100%;\" class=\"ml-slider-3-27-8 metaslider metaslider-flex metaslider-246 ml-slider\">\n    <div id=\"metaslider_container_246\">\n        <div id=\"metaslider_246\">\n            <ul aria-live=\"polite\" class=\"slides\">\n                <li style=\"display: block; width: 100%;\" class=\"slide-1077 ms-image\"><img src=\"https:\/\/www.schnatterloch-miltenberg.de\/wp-content\/uploads\/2020\/12\/IMG_7066-rotated-1400x1000.jpg\" height=\"1000\" width=\"1400\" alt=\"\" class=\"slider-246 slide-1077\" title=\"IMG_7066\" \/><div class=\"caption-wrap\"><div class=\"caption\">Halle im EG mit Blick zur Eingangst\u00fcr. Von dort haben wir das Haus betreten.<\/div><\/div><\/li>\n                <li style=\"display: none; width: 100%;\" class=\"slide-1079 ms-image\"><img src=\"https:\/\/www.schnatterloch-miltenberg.de\/wp-content\/uploads\/2020\/12\/IMG_7068-rotated-1400x1000.jpg\" height=\"1000\" width=\"1400\" alt=\"\" class=\"slider-246 slide-1079\" title=\"IMG_7068\" \/><div class=\"caption-wrap\"><div class=\"caption\">Halle im EG mit Blick Richtung NO mit dem Sandstein Bodenbelag in Rosenspitz Verlegung.<\/div><\/div><\/li>\n                <li style=\"display: none; width: 100%;\" class=\"slide-1076 ms-image\"><img src=\"https:\/\/www.schnatterloch-miltenberg.de\/wp-content\/uploads\/2020\/12\/IMG_7065-rotated-1400x1000.jpg\" height=\"1000\" width=\"1400\" alt=\"\" class=\"slider-246 slide-1076\" title=\"IMG_7065\" \/><div class=\"caption-wrap\"><div class=\"caption\">Eingangshalle im EG mit Blick zum Eingang in den oberen Gew\u00f6lbekeller.<\/div><\/div><\/li>\n                <li style=\"display: none; width: 100%;\" class=\"slide-1075 ms-image\"><img src=\"https:\/\/www.schnatterloch-miltenberg.de\/wp-content\/uploads\/2020\/12\/IMG_7064-rotated-1400x1000.jpg\" height=\"1000\" width=\"1400\" alt=\"\" class=\"slider-246 slide-1075\" title=\"IMG_7064\" \/><div class=\"caption-wrap\"><div class=\"caption\">\u00dcber die Holztreppe steigen wir in den ersten Stock.<\/div><\/div><\/li>\n                <li style=\"display: none; width: 100%;\" class=\"slide-1084 ms-image\"><img src=\"https:\/\/www.schnatterloch-miltenberg.de\/wp-content\/uploads\/2020\/12\/IMG_7074-rotated-1400x1000.jpg\" height=\"1000\" width=\"1400\" alt=\"\" class=\"slider-246 slide-1084\" title=\"IMG_7074\" \/><div class=\"caption-wrap\"><div class=\"caption\">Wannenbad im 1. OG, Blick Richtung NO. Die Deckenfelder mit alter Bemalung warten noch auf ihre Restaurierung.<\/div><\/div><\/li>\n                <li style=\"display: none; width: 100%;\" class=\"slide-1085 ms-image\"><img src=\"https:\/\/www.schnatterloch-miltenberg.de\/wp-content\/uploads\/2020\/12\/IMG_7076-rotated-1400x1000.jpg\" height=\"1000\" width=\"1400\" alt=\"\" class=\"slider-246 slide-1085\" title=\"IMG_7076\" \/><div class=\"caption-wrap\"><div class=\"caption\">Wannenbad im 1. OG, Blick Richtung NW. <\/div><\/div><\/li>\n                <li style=\"display: none; width: 100%;\" class=\"slide-1035 ms-image\"><img src=\"https:\/\/www.schnatterloch-miltenberg.de\/wp-content\/uploads\/2020\/12\/IMG_7017-rotated-1400x1000.jpg\" height=\"1000\" width=\"1400\" alt=\"\" class=\"slider-246 slide-1035\" title=\"IMG_7017\" \/><div class=\"caption-wrap\"><div class=\"caption\">G\u00e4stezimmer im 1. OG, Blick Richtung SO.<\/div><\/div><\/li>\n                <li style=\"display: none; width: 100%;\" class=\"slide-1037 ms-image\"><img src=\"https:\/\/www.schnatterloch-miltenberg.de\/wp-content\/uploads\/2020\/12\/IMG_7019-rotated-1400x1000.jpg\" height=\"1000\" width=\"1400\" alt=\"\" class=\"slider-246 slide-1037\" title=\"IMG_7019\" \/><div class=\"caption-wrap\"><div class=\"caption\">Bibliothek im 1. OG, Blick Richtung NW auf die Fassade des neueren Teils des Miltenberger Museums.<\/div><\/div><\/li>\n                <li style=\"display: none; width: 100%;\" class=\"slide-1036 ms-image\"><img src=\"https:\/\/www.schnatterloch-miltenberg.de\/wp-content\/uploads\/2020\/12\/IMG_7018-rotated-1400x1000.jpg\" height=\"1000\" width=\"1400\" alt=\"\" class=\"slider-246 slide-1036\" title=\"IMG_7018\" \/><div class=\"caption-wrap\"><div class=\"caption\">Bibliothek im 1. OG, Blick Richtung SW.<\/div><\/div><\/li>\n                <li style=\"display: none; width: 100%;\" class=\"slide-1034 ms-image\"><img src=\"https:\/\/www.schnatterloch-miltenberg.de\/wp-content\/uploads\/2020\/12\/IMG_7014-rotated-1400x1000.jpg\" height=\"1000\" width=\"1400\" alt=\"\" class=\"slider-246 slide-1034\" title=\"IMG_7014\" \/><div class=\"caption-wrap\"><div class=\"caption\">Treppenhaus im 1. OG, Blick Richtung SW auf die sogenannte Remise.<\/div><\/div><\/li>\n                <li style=\"display: none; width: 100%;\" class=\"slide-1042 ms-image\"><img src=\"https:\/\/www.schnatterloch-miltenberg.de\/wp-content\/uploads\/2020\/12\/IMG_7024-rotated-1400x1000.jpg\" height=\"1000\" width=\"1400\" alt=\"\" class=\"slider-246 slide-1042\" title=\"IMG_7024\" \/><div class=\"caption-wrap\"><div class=\"caption\">K\u00fcche im 2. OG, Blick Richtung NW mit eingebauten K\u00fcchenm\u00f6beln.<\/div><\/div><\/li>\n                <li style=\"display: none; width: 100%;\" class=\"slide-1043 ms-image\"><img src=\"https:\/\/www.schnatterloch-miltenberg.de\/wp-content\/uploads\/2020\/12\/IMG_7028-rotated-1400x1000.jpg\" height=\"1000\" width=\"1400\" alt=\"\" class=\"slider-246 slide-1043\" title=\"IMG_7028\" \/><div class=\"caption-wrap\"><div class=\"caption\">Blick aus der K\u00fcche im 2.OG Richtung Esszimmer.<\/div><\/div><\/li>\n                <li style=\"display: none; width: 100%;\" class=\"slide-1040 ms-image\"><img src=\"https:\/\/www.schnatterloch-miltenberg.de\/wp-content\/uploads\/2020\/12\/IMG_7022-rotated-1400x1000.jpg\" height=\"1000\" width=\"1400\" alt=\"\" class=\"slider-246 slide-1040\" title=\"IMG_7022\" \/><div class=\"caption-wrap\"><div class=\"caption\">Esszimmer im 2. OG, Blick Richtung NO auf den historischen Marktplatz.<\/div><\/div><\/li>\n                <li style=\"display: none; width: 100%;\" class=\"slide-1038 ms-image\"><img src=\"https:\/\/www.schnatterloch-miltenberg.de\/wp-content\/uploads\/2020\/12\/IMG_7020-rotated-1400x1000.jpg\" height=\"1000\" width=\"1400\" alt=\"\" class=\"slider-246 slide-1038\" title=\"IMG_7020\" \/><div class=\"caption-wrap\"><div class=\"caption\">Salon im 2. OG, Blick Richtung SW. Die verbliebenen Rohrleitungen werden hinter einem Regal versteckt.<\/div><\/div><\/li>\n                <li style=\"display: none; width: 100%;\" class=\"slide-1039 ms-image\"><img src=\"https:\/\/www.schnatterloch-miltenberg.de\/wp-content\/uploads\/2020\/12\/IMG_7021-rotated-1400x1000.jpg\" height=\"1000\" width=\"1400\" alt=\"\" class=\"slider-246 slide-1039\" title=\"IMG_7021\" \/><div class=\"caption-wrap\"><div class=\"caption\">Salon im 2. OG, Blick Richtung SO. Der Podest ist konstruktionsbedingt und wird durch ein Sofa \u00fcberbaut.<\/div><\/div><\/li>\n                <li style=\"display: none; width: 100%;\" class=\"slide-1041 ms-image\"><img src=\"https:\/\/www.schnatterloch-miltenberg.de\/wp-content\/uploads\/2020\/12\/IMG_7023-rotated-1400x1000.jpg\" height=\"1000\" width=\"1400\" alt=\"\" class=\"slider-246 slide-1041\" title=\"IMG_7023\" \/><div class=\"caption-wrap\"><div class=\"caption\">Treppenhaus im 2. OG, Blick Richtung SW auf den Garten des Nachbarn.<\/div><\/div><\/li>\n                <li style=\"display: none; width: 100%;\" class=\"slide-1045 ms-image\"><img src=\"https:\/\/www.schnatterloch-miltenberg.de\/wp-content\/uploads\/2020\/12\/IMG_7030-rotated-1400x1000.jpg\" height=\"1000\" width=\"1400\" alt=\"\" class=\"slider-246 slide-1045\" title=\"IMG_7030\" \/><div class=\"caption-wrap\"><div class=\"caption\">Das Treppenhaus endet hier im DG.<\/div><\/div><\/li>\n                <li style=\"display: none; width: 100%;\" class=\"slide-1049 ms-image\"><img src=\"https:\/\/www.schnatterloch-miltenberg.de\/wp-content\/uploads\/2020\/12\/IMG_7035-rotated-1400x1000.jpg\" height=\"1000\" width=\"1400\" alt=\"\" class=\"slider-246 slide-1049\" title=\"IMG_7035\" \/><div class=\"caption-wrap\"><div class=\"caption\">Schlafzimmer im DG, Blick Richtung NW auf die alte Stadtmauer.<\/div><\/div><\/li>\n                <li style=\"display: none; width: 100%;\" class=\"slide-1046 ms-image\"><img src=\"https:\/\/www.schnatterloch-miltenberg.de\/wp-content\/uploads\/2020\/12\/IMG_7031-rotated-1400x1000.jpg\" height=\"1000\" width=\"1400\" alt=\"\" class=\"slider-246 slide-1046\" title=\"IMG_7031\" \/><div class=\"caption-wrap\"><div class=\"caption\">Schlafzimmer im DG, Blick Richtung NO auf die H\u00e4user von B\u00fcrgstadt.<\/div><\/div><\/li>\n                <li style=\"display: none; width: 100%;\" class=\"slide-1047 ms-image\"><img src=\"https:\/\/www.schnatterloch-miltenberg.de\/wp-content\/uploads\/2020\/12\/IMG_7032-rotated-1400x1000.jpg\" height=\"1000\" width=\"1400\" alt=\"\" class=\"slider-246 slide-1047\" title=\"IMG_7032\" \/><div class=\"caption-wrap\"><div class=\"caption\">Schlafzimmer im DG, Blick Richtung SO. Man beachte die Aussparung im Drempel, der erlaubt an das Gaubenfenster zu treten.<\/div><\/div><\/li>\n                <li style=\"display: none; width: 100%;\" class=\"slide-1051 ms-image\"><img src=\"https:\/\/www.schnatterloch-miltenberg.de\/wp-content\/uploads\/2020\/12\/IMG_7038-rotated-1400x1000.jpg\" height=\"1000\" width=\"1400\" alt=\"\" class=\"slider-246 slide-1051\" title=\"IMG_7038\" \/><div class=\"caption-wrap\"><div class=\"caption\">Duschbad im DG, Blick Richtung SW mit Trockenbauwand f\u00fcr die Duschabtrennung.<\/div><\/div><\/li>\n                <li style=\"display: none; width: 100%;\" class=\"slide-1050 ms-image\"><img src=\"https:\/\/www.schnatterloch-miltenberg.de\/wp-content\/uploads\/2020\/12\/IMG_7036-rotated-1400x1000.jpg\" height=\"1000\" width=\"1400\" alt=\"\" class=\"slider-246 slide-1050\" title=\"IMG_7036\" \/><div class=\"caption-wrap\"><div class=\"caption\">Ankleide im DG, Blick zur\u00fcck aus dem Duschbad Richtung Schlafzimmert\u00fcr der Ankleide.<\/div><\/div><\/li>\n                <li style=\"display: none; width: 100%;\" class=\"slide-1081 ms-image\"><img src=\"https:\/\/www.schnatterloch-miltenberg.de\/wp-content\/uploads\/2020\/12\/IMG_7040-rotated-1400x1000.jpg\" height=\"1000\" width=\"1400\" alt=\"\" class=\"slider-246 slide-1081\" title=\"IMG_7040\" \/><div class=\"caption-wrap\"><div class=\"caption\">Treppenhaus im DG, Blick Richtung SW. Hier endet der Rundgang.<\/div><\/div><\/li>\n            <\/ul>\n        <\/div>\n        \n    <\/div>\n<\/div><\/div>\n","protected":false},"excerpt":{"rendered":"<p>Ein virtueller Rundgang durch das Geb\u00e4ude mit Stand November\/Dezember 2020. Bis auf das Erdgescho\u00df ist der Innenausbau Ende November weitgehend abgeschlossen. Im Erdgescho\u00df wurde Anfang Dezember mit der Verlegung des Sandstein-Bodes im Rosenspitz-Muster begonnen. Die neue Holztreppe ist auch schon eingebaut. In der K\u00fcche und den B\u00e4dern wurden bereits Einbaum\u00f6bel durch unsere K\u00fcchen Firma installiert, &hellip; <\/p>\n<p class=\"link-more\"><a href=\"https:\/\/www.schnatterloch-miltenberg.de\/index.php\/rundgang\/\" class=\"more-link\"><span class=\"screen-reader-text\">\u201eRundgang durch das Haus\u201c<\/span> weiterlesen<\/a><\/p>\n","protected":false},"author":1,"featured_media":0,"parent":0,"menu_order":0,"comment_status":"closed","ping_status":"closed","template":"","meta":[],"_links":{"self":[{"href":"https:\/\/www.schnatterloch-miltenberg.de\/index.php\/wp-json\/wp\/v2\/pages\/361"}],"collection":[{"href":"https:\/\/www.schnatterloch-miltenberg.de\/index.php\/wp-json\/wp\/v2\/pages"}],"about":[{"href":"https:\/\/www.schnatterloch-miltenberg.de\/index.php\/wp-json\/wp\/v2\/types\/page"}],"author":[{"embeddable":true,"href":"https:\/\/www.schnatterloch-miltenberg.de\/index.php\/wp-json\/wp\/v2\/users\/1"}],"replies":[{"embeddable":true,"href":"https:\/\/www.schnatterloch-miltenberg.de\/index.php\/wp-json\/wp\/v2\/comments?post=361"}],"version-history":[{"count":14,"href":"https:\/\/www.schnatterloch-miltenberg.de\/index.php\/wp-json\/wp\/v2\/pages\/361\/revisions"}],"predecessor-version":[{"id":1080,"href":"https:\/\/www.schnatterloch-miltenberg.de\/index.php\/wp-json\/wp\/v2\/pages\/361\/revisions\/1080"}],"wp:attachment":[{"href":"https:\/\/www.schnatterloch-miltenberg.de\/index.php\/wp-json\/wp\/v2\/media?parent=361"}],"curies":[{"name":"wp","href":"https:\/\/api.w.org\/{rel}","templated":true}]}}