{"id":28,"date":"2020-06-24T10:44:11","date_gmt":"2020-06-24T08:44:11","guid":{"rendered":"https:\/\/www.schnatterloch-miltenberg.de\/?page_id=28"},"modified":"2020-08-07T12:01:11","modified_gmt":"2020-08-07T10:01:11","slug":"buergerhaus-am-schnatterloch-in-miltenberg","status":"publish","type":"page","link":"https:\/\/www.schnatterloch-miltenberg.de\/","title":{"rendered":"B\u00fcrgerhaus am Schnatterloch in Miltenberg"},"content":{"rendered":"\n<div class=\"alignnormal\"><div id=\"metaslider-id-333\" style=\"width: 100%;\" class=\"ml-slider-3-108-0 metaslider metaslider-flex metaslider-333 ml-slider has-dots-nav ms-theme-default\" role=\"region\" aria-label=\"Das Haus vorher und nachher\" data-height=\"1000\" data-width=\"1400\">\n    <div id=\"metaslider_container_333\">\n        <div id=\"metaslider_333\">\n            <ul class='slides'>\n                <li style=\"display: block; width: 100%;\" class=\"slide-334 ms-image \" aria-roledescription=\"slide\" data-date=\"2020-06-25 15:46:27\" data-filename=\"Miltenberg_Hauptstra\u00dfe_183-002-scaled-1400x1000.jpg\" data-slide-type=\"image\"><img loading=\"lazy\" decoding=\"async\" src=\"https:\/\/www.schnatterloch-miltenberg.de\/wp-content\/uploads\/2020\/06\/Miltenberg_Hauptstra\u00dfe_183-002-scaled-1400x1000.jpg\" height=\"1000\" width=\"1400\" alt=\"\" class=\"slider-333 slide-334 msDefaultImage\" title=\"Miltenberg,_Hauptstra\u00dfe_183-002\" \/><div class=\"caption-wrap\"><div class=\"caption\">SO-Fassade Richtung Museum vor der Sanierung<\/div><\/div><\/li>\n                <li style=\"display: none; width: 100%;\" class=\"slide-1102 ms-image \" aria-roledescription=\"slide\" data-date=\"2021-01-27 12:30:17\" data-filename=\"IMG_7180-rotated-1400x1000.jpg\" data-slide-type=\"image\"><img loading=\"lazy\" decoding=\"async\" src=\"https:\/\/www.schnatterloch-miltenberg.de\/wp-content\/uploads\/2021\/01\/IMG_7180-rotated-1400x1000.jpg\" height=\"1000\" width=\"1400\" alt=\"\" class=\"slider-333 slide-1102 msDefaultImage\" title=\"IMG_7180\" \/><div class=\"caption-wrap\"><div class=\"caption\">SO-Fassade im Januar 2021<\/div><\/div><\/li>\n                <li style=\"display: none; width: 100%;\" class=\"slide-1088 ms-image \" aria-roledescription=\"slide\" data-date=\"2021-01-15 11:09:11\" data-filename=\"IMG_7147-1400x1000.jpg\" data-slide-type=\"image\"><img loading=\"lazy\" decoding=\"async\" src=\"https:\/\/www.schnatterloch-miltenberg.de\/wp-content\/uploads\/2021\/01\/IMG_7147-1400x1000.jpg\" height=\"1000\" width=\"1400\" alt=\"\" class=\"slider-333 slide-1088 msDefaultImage\" title=\"B\u00b8rgerhaus (Hauptstr. 183) in Miltenberg\" \/><div class=\"caption-wrap\"><div class=\"caption\">NO-Fassade Richtung historischem Marktplatz vor der Sanierung<\/div><\/div><\/li>\n                <li style=\"display: none; width: 100%;\" class=\"slide-1101 ms-image \" aria-roledescription=\"slide\" data-date=\"2021-01-27 12:11:13\" data-filename=\"IMG_7181-rotated-1400x1000.jpg\" data-slide-type=\"image\"><img loading=\"lazy\" decoding=\"async\" src=\"https:\/\/www.schnatterloch-miltenberg.de\/wp-content\/uploads\/2021\/01\/IMG_7181-rotated-1400x1000.jpg\" height=\"1000\" width=\"1400\" alt=\"\" class=\"slider-333 slide-1101 msDefaultImage\" title=\"IMG_7181\" \/><div class=\"caption-wrap\"><div class=\"caption\">Ostecke des Hauses im Januar 2021<\/div><\/div><\/li>\n                <li style=\"display: none; width: 100%;\" class=\"slide-512 ms-image \" aria-roledescription=\"slide\" data-date=\"2020-06-26 16:54:59\" data-filename=\"IMG_5575-rotated-e1593421278823-1224x874.jpg\" data-slide-type=\"image\"><img loading=\"lazy\" decoding=\"async\" src=\"https:\/\/www.schnatterloch-miltenberg.de\/wp-content\/uploads\/2020\/06\/IMG_5575-rotated-e1593421278823-1224x874.jpg\" height=\"1000\" width=\"1400\" alt=\"\" class=\"slider-333 slide-512 msDefaultImage\" title=\"IMG_5575\" \/><div class=\"caption-wrap\"><div class=\"caption\">Blick von der Mildenburg zu Beginn der Sanierungsarbeiten. Das Dach \u00fcber der Remise wurde bereits entfernt<\/div><\/div><\/li>\n                <li style=\"display: none; width: 100%;\" class=\"slide-1103 ms-image \" aria-roledescription=\"slide\" data-date=\"2021-01-27 12:32:52\" data-filename=\"IMG_7170-rotated-1400x1000.jpg\" data-slide-type=\"image\"><img loading=\"lazy\" decoding=\"async\" src=\"https:\/\/www.schnatterloch-miltenberg.de\/wp-content\/uploads\/2021\/01\/IMG_7170-rotated-1400x1000.jpg\" height=\"1000\" width=\"1400\" alt=\"\" class=\"slider-333 slide-1103 msDefaultImage\" title=\"IMG_7170\" \/><div class=\"caption-wrap\"><div class=\"caption\">Blick von der Mildenburg auf die SW-Fassade im Januar 2021<\/div><\/div><\/li>\n            <\/ul>\n        <\/div>\n        \n    <\/div>\n<\/div><\/div>\n\n\n\n<p>Die Sanierung des am h\u00f6chsten Punkt des historischen Markplatzes, am Eingang zum sogenannten \u201eSchnatterloch\u201c, gelegenen B\u00fcrgerhauses n\u00e4hert sich der Fertigstellung. Vielen Miltenbergern ist dieses B\u00fcrgerhaus als \u201eHaus Brunn\u201c bekannt. Kurzzeitig war auch der Name \u201eFuntschel-Haus\u201c nach dem Stadtrat Nikolaus Funtschelin, der dort um anno 1530 gewohnt haben soll, in der lokalen Presse zu finden. Auch in der \u201eChronik der Stadt Miltenberg\u201c von Joseph Wirth meint man Hinweise auf das Haus zu finden: gegen\u00fcber der ersten Lateinschule, die heute den neueren Teil des Museums beherbergt, auf der anderen Seite der Klinge, soll es ein altes Pfarrhaus gegeben haben.<\/p>\n\n\n\n<p>Auf den folgenden Seiten gibt es Informationen zu den Besonderheiten in der <a href=\"https:\/\/www.schnatterloch-miltenberg.de\/index.php\/architektur\"><span class=\"has-inline-color has-vivid-cyan-blue-color\">Architektur<\/span><\/a> des Hauses und den Deckenmalereien, die bereits teilweise in der Voruntersuchung entdeckt wurden, einen Versuch die <a href=\"https:\/\/www.schnatterloch-miltenberg.de\/index.php\/geschichte-des-buergerhauses-am-schnatterloch\"><span class=\"has-inline-color has-vivid-cyan-blue-color\">Geschichte<\/span><\/a> zu erkunden und mit der <a href=\"https:\/\/www.schnatterloch-miltenberg.de\/index.php\/sanierung\"><span class=\"has-inline-color has-vivid-cyan-blue-color\">Sanierung<\/span><\/a><span class=\"has-inline-color has-vivid-cyan-blue-color\"> <\/span>in den Jahren 2019 bis 2021 endet vorl\u00e4ufig die Hausgeschichte. Schlie\u00dflich rundet einen <a href=\"https:\/\/www.schnatterloch-miltenberg.de\/index.php\/rundgang\"><span class=\"has-inline-color has-vivid-cyan-blue-color\">Rundgang<\/span><\/a> durch das Haus das Bild ab, wobei sich im Inneren des Hauses sicher noch einiges \u00e4ndert, bis alle Arbeiten abgeschlossen sind.<\/p>\n","protected":false},"excerpt":{"rendered":"<p>Die Sanierung des am h\u00f6chsten Punkt des historischen Markplatzes, am Eingang zum sogenannten \u201eSchnatterloch\u201c, gelegenen B\u00fcrgerhauses n\u00e4hert sich der Fertigstellung. Vielen Miltenbergern ist dieses B\u00fcrgerhaus als \u201eHaus Brunn\u201c bekannt. Kurzzeitig war auch der Name \u201eFuntschel-Haus\u201c nach dem Stadtrat Nikolaus Funtschelin, der dort um anno 1530 gewohnt haben soll, in der lokalen Presse zu finden. Auch &hellip; <\/p>\n<p class=\"link-more\"><a href=\"https:\/\/www.schnatterloch-miltenberg.de\/\" class=\"more-link\"><span class=\"screen-reader-text\">\u201eB\u00fcrgerhaus am Schnatterloch in Miltenberg\u201c <\/span>weiterlesen<\/a><\/p>\n","protected":false},"author":1,"featured_media":0,"parent":0,"menu_order":0,"comment_status":"closed","ping_status":"closed","template":"","meta":{"footnotes":""},"class_list":["post-28","page","type-page","status-publish","hentry"],"_links":{"self":[{"href":"https:\/\/www.schnatterloch-miltenberg.de\/index.php\/wp-json\/wp\/v2\/pages\/28","targetHints":{"allow":["GET"]}}],"collection":[{"href":"https:\/\/www.schnatterloch-miltenberg.de\/index.php\/wp-json\/wp\/v2\/pages"}],"about":[{"href":"https:\/\/www.schnatterloch-miltenberg.de\/index.php\/wp-json\/wp\/v2\/types\/page"}],"author":[{"embeddable":true,"href":"https:\/\/www.schnatterloch-miltenberg.de\/index.php\/wp-json\/wp\/v2\/users\/1"}],"replies":[{"embeddable":true,"href":"https:\/\/www.schnatterloch-miltenberg.de\/index.php\/wp-json\/wp\/v2\/comments?post=28"}],"version-history":[{"count":23,"href":"https:\/\/www.schnatterloch-miltenberg.de\/index.php\/wp-json\/wp\/v2\/pages\/28\/revisions"}],"predecessor-version":[{"id":814,"href":"https:\/\/www.schnatterloch-miltenberg.de\/index.php\/wp-json\/wp\/v2\/pages\/28\/revisions\/814"}],"wp:attachment":[{"href":"https:\/\/www.schnatterloch-miltenberg.de\/index.php\/wp-json\/wp\/v2\/media?parent=28"}],"curies":[{"name":"wp","href":"https:\/\/api.w.org\/{rel}","templated":true}]}}